{"id":8,"date":"2025-09-22T13:54:25","date_gmt":"2025-09-22T13:54:25","guid":{"rendered":"https:\/\/sajamvjencanjaosijek.com\/wp\/?page_id=8"},"modified":"2025-09-29T17:22:16","modified_gmt":"2025-09-29T17:22:16","slug":"naslovna","status":"publish","type":"page","link":"https:\/\/sajamvjencanjaosijek.com\/","title":{"rendered":"Naslovna"},"content":{"rendered":"\t\t<div data-elementor-type=\"wp-post\" data-elementor-id=\"8\" class=\"elementor elementor-8\">\n\t\t\t\t<div class=\"elementor-element elementor-element-b802955 e-flex e-con-boxed e-con e-parent\" data-id=\"b802955\" data-element_type=\"container\">\n\t\t\t\t\t<div class=\"e-con-inner\">\n\t\t\t\t<div class=\"elementor-element elementor-element-661f55d elementor-widget__width-initial elementor-widget-tablet__width-inherit elementor-widget-mobile__width-inherit elementor-widget elementor-widget-heading\" data-id=\"661f55d\" data-element_type=\"widget\" data-widget_type=\"heading.default\">\n\t\t\t\t\t<h2 class=\"elementor-heading-title elementor-size-default\"><span style=\"color:#B61616\">Dea Dream Love &amp; Weddings 2025.<\/span>  <br>Gdje ljubav susre\u0107e eleganciju!<\/h2>\t\t\t\t<\/div>\n\t\t\t\t<div class=\"elementor-element elementor-element-9fec397 elementor-widget__width-initial elementor-widget elementor-widget-text-editor\" data-id=\"9fec397\" data-element_type=\"widget\" data-widget_type=\"text-editor.default\">\n\t\t\t\t\t\t\t\t\t<p>Najve\u0107i sajam vjen\u010danja u Slavoniji vra\u0107a se u Osijek 29. i 30. studenoga 2025. u Gospodarski centar.<br \/>Ovdje se stvaraju najljep\u0161e vjen\u010dane pri\u010de \u2013 na jednom mjestu okupljamo najbolje izlaga\u010de,<br \/>najnovije trendove i bezbroj inspiracija.<\/p>\t\t\t\t\t\t\t\t<\/div>\n\t\t\t\t\t<\/div>\n\t\t\t\t<\/div>\n\t\t\t\t<\/div>\n\t\t","protected":false},"excerpt":{"rendered":"<p>Dea Dream Love &amp; Weddings 2025. Gdje ljubav susre\u0107e eleganciju! Najve\u0107i sajam vjen\u010danja u Slavoniji vra\u0107a se u Osijek 29. i 30. studenoga 2025. u Gospodarski centar.Ovdje se stvaraju najljep\u0161e vjen\u010dane pri\u010de \u2013 na jednom mjestu okupljamo najbolje izlaga\u010de,najnovije trendove i bezbroj inspiracija.<\/p>\n","protected":false},"author":2,"featured_media":0,"parent":0,"menu_order":0,"comment_status":"closed","ping_status":"closed","template":"","meta":{"pagelayer_contact_templates":[],"_pagelayer_content":"","ngg_post_thumbnail":0,"footnotes":""},"class_list":["post-8","page","type-page","status-publish","hentry"],"_links":{"self":[{"href":"https:\/\/sajamvjencanjaosijek.com\/index.php?rest_route=\/wp\/v2\/pages\/8","targetHints":{"allow":["GET"]}}],"collection":[{"href":"https:\/\/sajamvjencanjaosijek.com\/index.php?rest_route=\/wp\/v2\/pages"}],"about":[{"href":"https:\/\/sajamvjencanjaosijek.com\/index.php?rest_route=\/wp\/v2\/types\/page"}],"author":[{"embeddable":true,"href":"https:\/\/sajamvjencanjaosijek.com\/index.php?rest_route=\/wp\/v2\/users\/2"}],"replies":[{"embeddable":true,"href":"https:\/\/sajamvjencanjaosijek.com\/index.php?rest_route=%2Fwp%2Fv2%2Fcomments&post=8"}],"version-history":[{"count":274,"href":"https:\/\/sajamvjencanjaosijek.com\/index.php?rest_route=\/wp\/v2\/pages\/8\/revisions"}],"predecessor-version":[{"id":846,"href":"https:\/\/sajamvjencanjaosijek.com\/index.php?rest_route=\/wp\/v2\/pages\/8\/revisions\/846"}],"wp:attachment":[{"href":"https:\/\/sajamvjencanjaosijek.com\/index.php?rest_route=%2Fwp%2Fv2%2Fmedia&parent=8"}],"curies":[{"name":"wp","href":"https:\/\/api.w.org\/{rel}","templated":true}]}}