{"id":66,"date":"2025-09-23T05:39:24","date_gmt":"2025-09-23T05:39:24","guid":{"rendered":"https:\/\/sajamvjencanjaosijek.com\/wp\/?page_id=66"},"modified":"2025-11-19T14:21:28","modified_gmt":"2025-11-19T13:21:28","slug":"prijava","status":"publish","type":"page","link":"https:\/\/sajamvjencanjaosijek.com\/?page_id=66","title":{"rendered":"Prijava"},"content":{"rendered":"\t\t<div data-elementor-type=\"wp-page\" data-elementor-id=\"66\" class=\"elementor elementor-66\">\n\t\t\t\t<div class=\"elementor-element elementor-element-3700998 e-flex e-con-boxed elementor-invisible e-con e-parent\" data-id=\"3700998\" data-element_type=\"container\" data-settings=\"{&quot;animation&quot;:&quot;fadeIn&quot;,&quot;animation_delay&quot;:100}\">\n\t\t\t\t\t<div class=\"e-con-inner\">\n\t\t<div class=\"elementor-element elementor-element-3b2a528 e-con-full e-flex e-con e-child\" data-id=\"3b2a528\" data-element_type=\"container\">\n\t\t\t\t<div class=\"elementor-element elementor-element-83d7d81 elementor-widget elementor-widget-heading\" data-id=\"83d7d81\" data-element_type=\"widget\" data-widget_type=\"heading.default\">\n\t\t\t\t\t<h3 class=\"elementor-heading-title elementor-size-default\">Prijavi se na vrijeme<\/h3>\t\t\t\t<\/div>\n\t\t\t\t<div class=\"elementor-element elementor-element-3989080 elementor-widget elementor-widget-text-editor\" data-id=\"3989080\" data-element_type=\"widget\" data-widget_type=\"text-editor.default\">\n\t\t\t\t\t\t\t\t\t<p>Pravo sudjelovanja na Sajmu vjen\u010danja Dea Dream Love &amp; Weddings 2025. imaju sve fizi\u010dke i pravne osobe koje uredno ispune i dostave potpisanu i ovjerenu Prijavu izlaganja \u2013 Ugovor.<\/p>\t\t\t\t\t\t\t\t<\/div>\n\t\t\t\t<div class=\"elementor-element elementor-element-c953742 elementor-align-center elementor-widget elementor-widget-button\" data-id=\"c953742\" data-element_type=\"widget\" data-widget_type=\"button.default\">\n\t\t\t\t\t\t\t\t\t\t<a class=\"elementor-button elementor-button-link elementor-size-sm\" href=\"https:\/\/sajamvjencanjaosijek.com\/wp-content\/uploads\/2025\/10\/Prijava-izlaganja-Ugovor.pdf\" target=\"_blank\">\n\t\t\t\t\t\t<span class=\"elementor-button-content-wrapper\">\n\t\t\t\t\t\t\t\t\t<span class=\"elementor-button-text\">Prijavnica<\/span>\n\t\t\t\t\t<\/span>\n\t\t\t\t\t<\/a>\n\t\t\t\t\t\t\t\t<\/div>\n\t\t\t\t<\/div>\n\t\t<div class=\"elementor-element elementor-element-c6080c3 e-con-full e-flex e-con e-child\" data-id=\"c6080c3\" data-element_type=\"container\">\n\t\t\t\t<div class=\"elementor-element elementor-element-d000eec elementor-widget elementor-widget-image\" data-id=\"d000eec\" data-element_type=\"widget\" data-widget_type=\"image.default\">\n\t\t\t\t\t\t\t\t\t\t\t\t\t\t\t<img fetchpriority=\"high\" decoding=\"async\" width=\"1181\" height=\"591\" src=\"https:\/\/sajamvjencanjaosijek.com\/wp-content\/uploads\/2025\/09\/Vizual-copy-2.jpg\" class=\"attachment-full size-full wp-image-1597\" alt=\"\" srcset=\"https:\/\/sajamvjencanjaosijek.com\/wp-content\/uploads\/2025\/09\/Vizual-copy-2.jpg 1181w, https:\/\/sajamvjencanjaosijek.com\/wp-content\/uploads\/2025\/09\/Vizual-copy-2-300x150.jpg 300w, https:\/\/sajamvjencanjaosijek.com\/wp-content\/uploads\/2025\/09\/Vizual-copy-2-1024x512.jpg 1024w, https:\/\/sajamvjencanjaosijek.com\/wp-content\/uploads\/2025\/09\/Vizual-copy-2-768x384.jpg 768w\" sizes=\"(max-width: 1181px) 100vw, 1181px\" \/>\t\t\t\t\t\t\t\t\t\t\t\t\t\t\t<\/div>\n\t\t\t\t<\/div>\n\t\t\t\t\t<\/div>\n\t\t\t\t<\/div>\n\t\t<div class=\"elementor-element elementor-element-e7d5c21 e-flex e-con-boxed elementor-invisible e-con e-parent\" data-id=\"e7d5c21\" data-element_type=\"container\" data-settings=\"{&quot;animation&quot;:&quot;fadeIn&quot;,&quot;animation_delay&quot;:200}\">\n\t\t\t\t\t<div class=\"e-con-inner\">\n\t\t<div class=\"elementor-element elementor-element-e08d97c e-con-full e-flex e-con e-child\" data-id=\"e08d97c\" data-element_type=\"container\">\n\t\t\t\t<div class=\"elementor-element elementor-element-99c626c elementor-widget elementor-widget-heading\" data-id=\"99c626c\" data-element_type=\"widget\" data-widget_type=\"heading.default\">\n\t\t\t\t\t<h3 class=\"elementor-heading-title elementor-size-default\">Odaberi svoj izlo\u017ebeni prostor<\/h3>\t\t\t\t<\/div>\n\t\t\t\t<div class=\"elementor-element elementor-element-7482579 elementor-widget elementor-widget-text-editor\" data-id=\"7482579\" data-element_type=\"widget\" data-widget_type=\"text-editor.default\">\n\t\t\t\t\t\t\t\t\t<p>Poziciju izlo\u017ebenog prostora izabire sam izlaga\u010d na temelju tlocrta dvorane s ucrtanim i numeriranim izlo\u017ebenim prostorima, a u skladu s raspolo\u017eivim kapacitetima i uz pomo\u0107 organizatora.<\/p>\t\t\t\t\t\t\t\t<\/div>\n\t\t\t\t<div class=\"elementor-element elementor-element-5aca9a7 elementor-align-center elementor-widget elementor-widget-button\" data-id=\"5aca9a7\" data-element_type=\"widget\" data-widget_type=\"button.default\">\n\t\t\t\t\t\t\t\t\t\t<a class=\"elementor-button elementor-button-link elementor-size-sm\" href=\"https:\/\/sajamvjencanjaosijek.com\/wp-content\/uploads\/2025\/11\/Tlocrt-sajma-2025-FINAL-copy.pdf\" target=\"_blank\">\n\t\t\t\t\t\t<span class=\"elementor-button-content-wrapper\">\n\t\t\t\t\t\t\t\t\t<span class=\"elementor-button-text\">Tlocrt sajma<\/span>\n\t\t\t\t\t<\/span>\n\t\t\t\t\t<\/a>\n\t\t\t\t\t\t\t\t<\/div>\n\t\t\t\t<\/div>\n\t\t<div class=\"elementor-element elementor-element-a8d127c e-con-full e-flex e-con e-child\" data-id=\"a8d127c\" data-element_type=\"container\">\n\t\t\t\t<div class=\"elementor-element elementor-element-4e85b76 elementor-widget elementor-widget-image\" data-id=\"4e85b76\" data-element_type=\"widget\" data-widget_type=\"image.default\">\n\t\t\t\t\t\t\t\t\t\t\t\t\t\t\t<img decoding=\"async\" width=\"1200\" height=\"700\" src=\"https:\/\/sajamvjencanjaosijek.com\/wp-content\/uploads\/2025\/09\/viber_slika_2023-03-30_15-03-41-692.jpg\" class=\"attachment-full size-full wp-image-1599\" alt=\"\" srcset=\"https:\/\/sajamvjencanjaosijek.com\/wp-content\/uploads\/2025\/09\/viber_slika_2023-03-30_15-03-41-692.jpg 1200w, https:\/\/sajamvjencanjaosijek.com\/wp-content\/uploads\/2025\/09\/viber_slika_2023-03-30_15-03-41-692-300x175.jpg 300w, https:\/\/sajamvjencanjaosijek.com\/wp-content\/uploads\/2025\/09\/viber_slika_2023-03-30_15-03-41-692-1024x597.jpg 1024w, https:\/\/sajamvjencanjaosijek.com\/wp-content\/uploads\/2025\/09\/viber_slika_2023-03-30_15-03-41-692-768x448.jpg 768w\" sizes=\"(max-width: 1200px) 100vw, 1200px\" \/>\t\t\t\t\t\t\t\t\t\t\t\t\t\t\t<\/div>\n\t\t\t\t<\/div>\n\t\t\t\t\t<\/div>\n\t\t\t\t<\/div>\n\t\t<div class=\"elementor-element elementor-element-cde8a16 e-flex e-con-boxed elementor-invisible e-con e-parent\" data-id=\"cde8a16\" data-element_type=\"container\" data-settings=\"{&quot;animation&quot;:&quot;fadeIn&quot;,&quot;animation_delay&quot;:300}\">\n\t\t\t\t\t<div class=\"e-con-inner\">\n\t\t<div class=\"elementor-element elementor-element-c78a0e5 e-con-full e-flex e-con e-child\" data-id=\"c78a0e5\" data-element_type=\"container\">\n\t\t\t\t<div class=\"elementor-element elementor-element-f387889 elementor-widget elementor-widget-heading\" data-id=\"f387889\" data-element_type=\"widget\" data-widget_type=\"heading.default\">\n\t\t\t\t\t<h3 class=\"elementor-heading-title elementor-size-default\">Organizator: Studio DEA Dream<\/h3>\t\t\t\t<\/div>\n\t\t\t\t<div class=\"elementor-element elementor-element-2f23745 elementor-widget elementor-widget-text-editor\" data-id=\"2f23745\" data-element_type=\"widget\" data-widget_type=\"text-editor.default\">\n\t\t\t\t\t\t\t\t\t<p>Studio DEA Dream ve\u0107 dugi niz godina njeguje umjetnost fotografije, stvaraju\u0107i najposebnije trenutke s prepoznatljivim stilom i estetikom. Na\u0161a strast prema detaljima i emocijama oblikovala nas je u studio koji mladencima i klijentima pru\u017ea bezvremenske uspomene ispri\u010dane kroz objektiv.<br \/>Od pro\u0161le godine svoje iskustvo i kreativnost \u0161irimo i na podru\u010dje organizacije Sajama vjen\u010danja Dea Dream Love &amp; Weddings koji je prirodan nastavak na\u0161e misije povezivanja ljubavi, estetike i profesionalizma.<\/p>\t\t\t\t\t\t\t\t<\/div>\n\t\t\t\t<div class=\"elementor-element elementor-element-1b98553 elementor-align-center elementor-widget elementor-widget-button\" data-id=\"1b98553\" data-element_type=\"widget\" data-widget_type=\"button.default\">\n\t\t\t\t\t\t\t\t\t\t<a class=\"elementor-button elementor-button-link elementor-size-sm\" href=\"https:\/\/sajamvjencanjaosijek.com\/wp-content\/uploads\/2025\/10\/Opci-uvjeti-obrazac-102.pdf\" target=\"_blank\">\n\t\t\t\t\t\t<span class=\"elementor-button-content-wrapper\">\n\t\t\t\t\t\t\t\t\t<span class=\"elementor-button-text\">Op\u0107i uvjeti<\/span>\n\t\t\t\t\t<\/span>\n\t\t\t\t\t<\/a>\n\t\t\t\t\t\t\t\t<\/div>\n\t\t\t\t<\/div>\n\t\t<div class=\"elementor-element elementor-element-671e3c3 e-con-full e-flex e-con e-child\" data-id=\"671e3c3\" data-element_type=\"container\">\n\t\t\t\t<div class=\"elementor-element elementor-element-758ad0a elementor-widget elementor-widget-image\" data-id=\"758ad0a\" data-element_type=\"widget\" data-widget_type=\"image.default\">\n\t\t\t\t\t\t\t\t\t\t\t\t\t\t\t<img decoding=\"async\" width=\"775\" height=\"800\" src=\"https:\/\/sajamvjencanjaosijek.com\/wp-content\/uploads\/2025\/09\/Display-bijeliNET.jpg\" class=\"attachment-full size-full wp-image-1593\" alt=\"\" srcset=\"https:\/\/sajamvjencanjaosijek.com\/wp-content\/uploads\/2025\/09\/Display-bijeliNET.jpg 775w, https:\/\/sajamvjencanjaosijek.com\/wp-content\/uploads\/2025\/09\/Display-bijeliNET-291x300.jpg 291w, https:\/\/sajamvjencanjaosijek.com\/wp-content\/uploads\/2025\/09\/Display-bijeliNET-768x793.jpg 768w\" sizes=\"(max-width: 775px) 100vw, 775px\" \/>\t\t\t\t\t\t\t\t\t\t\t\t\t\t\t<\/div>\n\t\t\t\t<\/div>\n\t\t\t\t\t<\/div>\n\t\t\t\t<\/div>\n\t\t\t\t<\/div>\n\t\t","protected":false},"excerpt":{"rendered":"<p>Prijavi se na vrijeme Pravo sudjelovanja na Sajmu vjen\u010danja Dea Dream Love &amp; Weddings 2025. imaju sve fizi\u010dke i pravne osobe koje uredno ispune i dostave potpisanu i ovjerenu Prijavu izlaganja \u2013 Ugovor. Prijavnica Odaberi svoj izlo\u017ebeni prostor Poziciju izlo\u017ebenog prostora izabire sam izlaga\u010d na temelju tlocrta dvorane s ucrtanim i numeriranim izlo\u017ebenim prostorima, a [&hellip;]<\/p>\n","protected":false},"author":2,"featured_media":0,"parent":0,"menu_order":0,"comment_status":"closed","ping_status":"closed","template":"","meta":{"pagelayer_contact_templates":[],"_pagelayer_content":"","ngg_post_thumbnail":0,"footnotes":""},"class_list":["post-66","page","type-page","status-publish","hentry"],"_links":{"self":[{"href":"https:\/\/sajamvjencanjaosijek.com\/index.php?rest_route=\/wp\/v2\/pages\/66","targetHints":{"allow":["GET"]}}],"collection":[{"href":"https:\/\/sajamvjencanjaosijek.com\/index.php?rest_route=\/wp\/v2\/pages"}],"about":[{"href":"https:\/\/sajamvjencanjaosijek.com\/index.php?rest_route=\/wp\/v2\/types\/page"}],"author":[{"embeddable":true,"href":"https:\/\/sajamvjencanjaosijek.com\/index.php?rest_route=\/wp\/v2\/users\/2"}],"replies":[{"embeddable":true,"href":"https:\/\/sajamvjencanjaosijek.com\/index.php?rest_route=%2Fwp%2Fv2%2Fcomments&post=66"}],"version-history":[{"count":193,"href":"https:\/\/sajamvjencanjaosijek.com\/index.php?rest_route=\/wp\/v2\/pages\/66\/revisions"}],"predecessor-version":[{"id":1803,"href":"https:\/\/sajamvjencanjaosijek.com\/index.php?rest_route=\/wp\/v2\/pages\/66\/revisions\/1803"}],"wp:attachment":[{"href":"https:\/\/sajamvjencanjaosijek.com\/index.php?rest_route=%2Fwp%2Fv2%2Fmedia&parent=66"}],"curies":[{"name":"wp","href":"https:\/\/api.w.org\/{rel}","templated":true}]}}