{"id":1653,"date":"2025-09-29T20:04:42","date_gmt":"2025-09-29T20:04:42","guid":{"rendered":"https:\/\/sajamvjencanjaosijek.com\/wp\/?page_id=1653"},"modified":"2025-09-29T20:51:13","modified_gmt":"2025-09-29T20:51:13","slug":"medijski-kutak","status":"publish","type":"page","link":"https:\/\/sajamvjencanjaosijek.com\/?page_id=1653","title":{"rendered":"Medijski kutak"},"content":{"rendered":"\t\t<div data-elementor-type=\"wp-page\" data-elementor-id=\"1653\" class=\"elementor elementor-1653\">\n\t\t\t\t<div class=\"elementor-element elementor-element-a918f25 e-flex e-con-boxed e-con e-parent\" data-id=\"a918f25\" data-element_type=\"container\">\n\t\t\t\t\t<div class=\"e-con-inner\">\n\t\t\t\t<div class=\"elementor-element elementor-element-e365960 elementor-position-left elementor-vertical-align-middle elementor-widget elementor-widget-image-box\" data-id=\"e365960\" data-element_type=\"widget\" data-widget_type=\"image-box.default\">\n\t\t\t\t\t<div class=\"elementor-image-box-wrapper\"><figure class=\"elementor-image-box-img\"><a href=\"https:\/\/www.osijek031.com\/osijek.php?najava_id=101026\" target=\"_blank\" tabindex=\"-1\"><img decoding=\"async\" width=\"300\" height=\"80\" src=\"https:\/\/sajamvjencanjaosijek.com\/wp-content\/uploads\/2025\/09\/osijek031_logo_pozitiv.jpg\" class=\"attachment-medium_large size-medium_large wp-image-1680\" alt=\"\" \/><\/a><\/figure><div class=\"elementor-image-box-content\"><h2 class=\"elementor-image-box-title\"><a href=\"https:\/\/www.osijek031.com\/osijek.php?najava_id=101026\" target=\"_blank\">Vjen\u010danje iz snova po\u010dinje na Dea Dream Love &amp; Weddings sajmu!<\/a><\/h2><p class=\"elementor-image-box-description\">Vjen\u010danje iz snova po\u010dinje na Dea Dream Love &amp; Weddings sajmu! Pridru\u017eite im se 16. i 17. studenog 2024. u Osijeku u Gospodarskom centru i otkrijte vrhunske izlaga\u010de, najnovije trendove i sve \u0161to trebate za va\u0161 veliki dan. <\/p><\/div><\/div>\t\t\t\t<\/div>\n\t\t\t\t<div class=\"elementor-element elementor-element-d4cf9d1 elementor-position-left elementor-vertical-align-middle elementor-widget elementor-widget-image-box\" data-id=\"d4cf9d1\" data-element_type=\"widget\" data-widget_type=\"image-box.default\">\n\t\t\t\t\t<div class=\"elementor-image-box-wrapper\"><figure class=\"elementor-image-box-img\"><a href=\"https:\/\/press032.com\/osijek-poslije-pet-godina-ponovno-dobiva-sajam-vjencanja\/\" target=\"_blank\" tabindex=\"-1\"><img decoding=\"async\" width=\"300\" height=\"80\" src=\"https:\/\/sajamvjencanjaosijek.com\/wp-content\/uploads\/2025\/09\/images.png\" class=\"attachment-medium_large size-medium_large wp-image-1676\" alt=\"\" \/><\/a><\/figure><div class=\"elementor-image-box-content\"><h2 class=\"elementor-image-box-title\"><a href=\"https:\/\/press032.com\/osijek-poslije-pet-godina-ponovno-dobiva-sajam-vjencanja\/\" target=\"_blank\">Osijek poslije pet godina ponovno dobiva Sajam vjen\u010danja<\/a><\/h2><p class=\"elementor-image-box-description\">VUKOVAR, U organizaciji Studia Dea Dream iz Vukovara 16. i 17. studenog u Osijeku se odr\u017eava Sajam vjen\u010danja pod nazivom \u201eSajam vjen\u010danja Dea Dream Love &amp; Weddings\u201c.<\/p><\/div><\/div>\t\t\t\t<\/div>\n\t\t\t\t<div class=\"elementor-element elementor-element-9293aec elementor-position-left elementor-vertical-align-middle elementor-widget elementor-widget-image-box\" data-id=\"9293aec\" data-element_type=\"widget\" data-widget_type=\"image-box.default\">\n\t\t\t\t\t<div class=\"elementor-image-box-wrapper\"><figure class=\"elementor-image-box-img\"><a href=\"https:\/\/grademoj.hr\/2024\/10\/27\/sajam-vjencanja-love-weddings-osijek-16-i-17-studenoga-2024\/\" target=\"_blank\" tabindex=\"-1\"><img decoding=\"async\" width=\"300\" height=\"80\" src=\"https:\/\/sajamvjencanjaosijek.com\/wp-content\/uploads\/2025\/09\/Screenshot_20240927_123515_Facebook-1-copy.webp\" class=\"attachment-medium_large size-medium_large wp-image-1692\" alt=\"\" \/><\/a><\/figure><div class=\"elementor-image-box-content\"><h2 class=\"elementor-image-box-title\"><a href=\"https:\/\/grademoj.hr\/2024\/10\/27\/sajam-vjencanja-love-weddings-osijek-16-i-17-studenoga-2024\/\" target=\"_blank\">Sajam Vjen\u010danja Love &amp; Weddings Osijek \u2013 16 i 17.studenoga 2024. <\/a><\/h2><p class=\"elementor-image-box-description\">Planirate vjen\u010danje iz snova ili ste poduzetnik koji \u017eeli predstaviti svoje proizvode i usluge vezane za vjen\u010danja? Sajam vjen\u010danja Love &amp; Weddings by Dea Dream odr\u017eava se 16. i 17. studenoga 2024. u Osijeku!<\/p><\/div><\/div>\t\t\t\t<\/div>\n\t\t\t\t<div class=\"elementor-element elementor-element-978b780 elementor-position-left elementor-vertical-align-middle elementor-widget elementor-widget-image-box\" data-id=\"978b780\" data-element_type=\"widget\" data-widget_type=\"image-box.default\">\n\t\t\t\t\t<div class=\"elementor-image-box-wrapper\"><figure class=\"elementor-image-box-img\"><a href=\"https:\/\/sib.net.hr\/lifestyle\/ostalo\/1228185\/dea-dream-love-weddings-sajam-vjencanja-u-osijeku\/\" target=\"_blank\" tabindex=\"-1\"><img loading=\"lazy\" decoding=\"async\" width=\"300\" height=\"80\" src=\"https:\/\/sajamvjencanjaosijek.com\/wp-content\/uploads\/2025\/09\/sibhr_crni.png\" class=\"attachment-medium_large size-medium_large wp-image-1705\" alt=\"\" \/><\/a><\/figure><div class=\"elementor-image-box-content\"><h2 class=\"elementor-image-box-title\"><a href=\"https:\/\/sib.net.hr\/lifestyle\/ostalo\/1228185\/dea-dream-love-weddings-sajam-vjencanja-u-osijeku\/\" target=\"_blank\">DEA Dream Love &amp; Weddings sajam vjen\u010danja u Osijeku<\/a><\/h2><p class=\"elementor-image-box-description\">S rado\u0161\u0107u najavljujemo doga\u0111aj za sve budu\u0107e mladence u Slavoniji \u2013 prvi sajam vjen\u010danja u organizaciji Studio DEA Dream DEA Dream Love &amp; Weddings!\n\nOvaj doga\u0111aj odr\u017eat \u0107e se 16. i 17. studenog 2024. u Osijeku, na lokaciji Gospodarski centar 10, i okuplja vrhunske stru\u010dnjake i kreativce iz svijeta vjen\u010danja.<\/p><\/div><\/div>\t\t\t\t<\/div>\n\t\t\t\t<div class=\"elementor-element elementor-element-9dc66e3 elementor-position-left elementor-vertical-align-middle elementor-widget elementor-widget-image-box\" data-id=\"9dc66e3\" data-element_type=\"widget\" data-widget_type=\"image-box.default\">\n\t\t\t\t\t<div class=\"elementor-image-box-wrapper\"><figure class=\"elementor-image-box-img\"><a href=\"https:\/\/zupanjac.net\/odrzan-prvi-sajam-vjencanja-dea-dream-love-weddings\/\" target=\"_blank\" tabindex=\"-1\"><img loading=\"lazy\" decoding=\"async\" width=\"300\" height=\"80\" src=\"https:\/\/sajamvjencanjaosijek.com\/wp-content\/uploads\/2025\/09\/logo_800x200.png\" class=\"attachment-medium_large size-medium_large wp-image-1712\" alt=\"\" \/><\/a><\/figure><div class=\"elementor-image-box-content\"><h2 class=\"elementor-image-box-title\"><a href=\"https:\/\/zupanjac.net\/odrzan-prvi-sajam-vjencanja-dea-dream-love-weddings\/\" target=\"_blank\">Odr\u017ean prvi Sajam vjen\u010danja Dea Dream Love &amp; Weddings<\/a><\/h2><p class=\"elementor-image-box-description\">Osijek, 16. i 17. studenoga 2024. \u2013 Prvi Sajam vjen\u010danja Dea Dream Love &amp; Weddings, odr\u017ean ovog vikenda u Gospodarskom centru u Osijeku, uspje\u0161no je priveden kraju. <\/p><\/div><\/div>\t\t\t\t<\/div>\n\t\t\t\t<div class=\"elementor-element elementor-element-6cc98e5 elementor-position-left elementor-vertical-align-middle elementor-widget elementor-widget-image-box\" data-id=\"6cc98e5\" data-element_type=\"widget\" data-widget_type=\"image-box.default\">\n\t\t\t\t\t<div class=\"elementor-image-box-wrapper\"><figure class=\"elementor-image-box-img\"><a href=\"https:\/\/www.vecernji.hr\/vijesti\/osijek-ponovno-dobiva-sajam-vjencanja-1814456\" target=\"_blank\" tabindex=\"-1\"><img loading=\"lazy\" decoding=\"async\" width=\"300\" height=\"80\" src=\"https:\/\/sajamvjencanjaosijek.com\/wp-content\/uploads\/2025\/09\/Vecernji_list_Logo.svg_.png\" class=\"attachment-medium_large size-medium_large wp-image-1717\" alt=\"\" \/><\/a><\/figure><div class=\"elementor-image-box-content\"><h2 class=\"elementor-image-box-title\"><a href=\"https:\/\/www.vecernji.hr\/vijesti\/osijek-ponovno-dobiva-sajam-vjencanja-1814456\" target=\"_blank\">Osijek ponovno dobiva Sajam vjen\u010danja<\/a><\/h2><p class=\"elementor-image-box-description\">O tome koliko je Sajam vjen\u010danja interesantan gra\u0111anima govori i to da je u marketing kampanji za mladence, koja je provedena u pet slavonskih \u017eupanija, na dru\u0161tvenim mre\u017eama zabilje\u017eeno vi\u0161e od 240.000 reakcija na objavljene oglase<\/p><\/div><\/div>\t\t\t\t<\/div>\n\t\t\t\t<div class=\"elementor-element elementor-element-093d1e4 elementor-position-left elementor-vertical-align-middle elementor-widget elementor-widget-image-box\" data-id=\"093d1e4\" data-element_type=\"widget\" data-widget_type=\"image-box.default\">\n\t\t\t\t\t<div class=\"elementor-image-box-wrapper\"><figure class=\"elementor-image-box-img\"><a href=\"https:\/\/djakovo.live\/index.php\/novosti\/item\/4579-uspjesno-odrzan-1-sajam-vjencanja-dea-dream-love-weddings.html\" target=\"_blank\" tabindex=\"-1\"><img loading=\"lazy\" decoding=\"async\" width=\"300\" height=\"80\" src=\"https:\/\/sajamvjencanjaosijek.com\/wp-content\/uploads\/2025\/09\/djakovo_live_logo-copy.webp\" class=\"attachment-medium_large size-medium_large wp-image-1718\" alt=\"\" \/><\/a><\/figure><div class=\"elementor-image-box-content\"><h2 class=\"elementor-image-box-title\"><a href=\"https:\/\/djakovo.live\/index.php\/novosti\/item\/4579-uspjesno-odrzan-1-sajam-vjencanja-dea-dream-love-weddings.html\" target=\"_blank\">Uspje\u0161no odr\u017ean 1. Sajam vjen\u010danja Dea Dream Love &amp; weddings<\/a><\/h2><p class=\"elementor-image-box-description\">U Osijeku se odr\u017eava sajam vjen\u010danja pod nazivom Sajam vjen\u010danja Dea Dream Love &amp; Weddings. <\/p><\/div><\/div>\t\t\t\t<\/div>\n\t\t\t\t<div class=\"elementor-element elementor-element-6b8369f elementor-position-left elementor-vertical-align-middle elementor-widget elementor-widget-image-box\" data-id=\"6b8369f\" data-element_type=\"widget\" data-widget_type=\"image-box.default\">\n\t\t\t\t\t<div class=\"elementor-image-box-wrapper\"><figure class=\"elementor-image-box-img\"><a href=\"https:\/\/slavonijainfo.com\/sajam-vjencanja-u-gospodarskom-centru-u-osijeku\/\" target=\"_blank\" tabindex=\"-1\"><img loading=\"lazy\" decoding=\"async\" width=\"300\" height=\"80\" src=\"https:\/\/sajamvjencanjaosijek.com\/wp-content\/uploads\/2025\/09\/SLAVONIJA-INFO-LOGO.png\" class=\"attachment-medium_large size-medium_large wp-image-1719\" alt=\"\" \/><\/a><\/figure><div class=\"elementor-image-box-content\"><h2 class=\"elementor-image-box-title\"><a href=\"https:\/\/slavonijainfo.com\/sajam-vjencanja-u-gospodarskom-centru-u-osijeku\/\" target=\"_blank\">Sajam vjen\u010danja u Gospodarskom centru u Osijeku<\/a><\/h2><p class=\"elementor-image-box-description\">Sajam vjen\u010danja odr\u017eat \u0107e se u subotu, 16. i nedjelju, 17. studenog u Gospodarskom centru u Osijeku\n\nU Osijeku se odr\u017eava sajam vjen\u010danja pod nazivom Sajam vjen\u010danja Dea Dream Love &amp; Weddings.\n\nCilj Sajma vjen\u010danja je privla\u010denje \u0161to ve\u0107eg broja mladih i budu\u0107ih mladenaca koji \u0107e na jednom mjestu imati priliku vidjeti i prona\u0107i sve \u0161to je potrebno za jedno vjen\u010danje.\n\nU subotu \u0107e sajam trajati u vremenskom periodu od 10 do 20 sati, dok \u0107e u nedjelju trajati od 10 do 19 sati. Ulaz je besplatan za sve.\n\nOrganizator sajma je Studio Dea Dream iz Vukovara. <\/p><\/div><\/div>\t\t\t\t<\/div>\n\t\t\t\t<div class=\"elementor-element elementor-element-68f4722 elementor-position-left elementor-vertical-align-middle elementor-widget elementor-widget-image-box\" data-id=\"68f4722\" data-element_type=\"widget\" data-widget_type=\"image-box.default\">\n\t\t\t\t\t<div class=\"elementor-image-box-wrapper\"><figure class=\"elementor-image-box-img\"><a href=\"https:\/\/eventmap.hr\/events\/dea-dream-lowe-and-weddings\" target=\"_blank\" tabindex=\"-1\"><img loading=\"lazy\" decoding=\"async\" width=\"300\" height=\"80\" src=\"https:\/\/sajamvjencanjaosijek.com\/wp-content\/uploads\/2025\/09\/Eventmap-logo-1920-1080-1-copy.webp\" class=\"attachment-medium_large size-medium_large wp-image-1723\" alt=\"\" \/><\/a><\/figure><div class=\"elementor-image-box-content\"><h2 class=\"elementor-image-box-title\"><a href=\"https:\/\/eventmap.hr\/events\/dea-dream-lowe-and-weddings\" target=\"_blank\">DEA Dream Lowe &amp; Weddings<\/a><\/h2><p class=\"elementor-image-box-description\">Dea Dream Love &amp; Weddings sajam vjen\u010danja, koji \u0107e se odr\u017eati 16. i 17. studenog 2024. u Gospodarskom centru, Gospodarska zona 10, Osijek.<\/p><\/div><\/div>\t\t\t\t<\/div>\n\t\t\t\t<div class=\"elementor-element elementor-element-bb710a6 elementor-position-left elementor-vertical-align-middle elementor-widget elementor-widget-image-box\" data-id=\"bb710a6\" data-element_type=\"widget\" data-widget_type=\"image-box.default\">\n\t\t\t\t\t<div class=\"elementor-image-box-wrapper\"><figure class=\"elementor-image-box-img\"><a href=\"https:\/\/orioninfovk.com\/prvi-sajam-vjencanja-dea-dream-love-weddings-u-slavoniji-nezaboravno-iskustvo-za-buduce-mladence\/\" target=\"_blank\" tabindex=\"-1\"><img loading=\"lazy\" decoding=\"async\" width=\"300\" height=\"80\" src=\"https:\/\/sajamvjencanjaosijek.com\/wp-content\/uploads\/2025\/09\/orion-info.png\" class=\"attachment-medium_large size-medium_large wp-image-1724\" alt=\"\" \/><\/a><\/figure><div class=\"elementor-image-box-content\"><h2 class=\"elementor-image-box-title\"><a href=\"https:\/\/orioninfovk.com\/prvi-sajam-vjencanja-dea-dream-love-weddings-u-slavoniji-nezaboravno-iskustvo-za-buduce-mladence\/\" target=\"_blank\">Prvi sajam vjen\u010danja Dea Dream Love &amp; Weddings u Slavoniji \u2013 Nezaboravno iskustvo za budu\u0107e mladence<\/a><\/h2><p class=\"elementor-image-box-description\">Osijek \u0107e 16. i 17. studenog 2024. godine postati nezaobilazna destinacija za sve budu\u0107e mladence i zaljubljenike u svijet vjen\u010danja. Gospodarski centar bit \u0107e doma\u0107in prvog sajma vjen\u010danja Dea Dream Love &amp; Weddings u Slavoniji, jedinstvenog doga\u0111aja koji \u0107e na jednom mjestu okupiti vrhunske stru\u010dnjake iz svijeta vjen\u010danja te pru\u017eiti inspiraciju i savjete za organizaciju dana iz snova.<\/p><\/div><\/div>\t\t\t\t<\/div>\n\t\t\t\t\t<\/div>\n\t\t\t\t<\/div>\n\t\t\t\t<\/div>\n\t\t","protected":false},"excerpt":{"rendered":"<p>Vjen\u010danje iz snova po\u010dinje na Dea Dream Love &amp; Weddings sajmu! Vjen\u010danje iz snova po\u010dinje na Dea Dream Love &amp; Weddings sajmu! Pridru\u017eite im se 16. i 17. studenog 2024. u Osijeku u Gospodarskom centru i otkrijte vrhunske izlaga\u010de, najnovije trendove i sve \u0161to trebate za va\u0161 veliki dan. Osijek poslije pet godina ponovno dobiva [&hellip;]<\/p>\n","protected":false},"author":2,"featured_media":0,"parent":0,"menu_order":0,"comment_status":"closed","ping_status":"closed","template":"","meta":{"pagelayer_contact_templates":[],"_pagelayer_content":"","ngg_post_thumbnail":0,"footnotes":""},"class_list":["post-1653","page","type-page","status-publish","hentry"],"_links":{"self":[{"href":"https:\/\/sajamvjencanjaosijek.com\/index.php?rest_route=\/wp\/v2\/pages\/1653","targetHints":{"allow":["GET"]}}],"collection":[{"href":"https:\/\/sajamvjencanjaosijek.com\/index.php?rest_route=\/wp\/v2\/pages"}],"about":[{"href":"https:\/\/sajamvjencanjaosijek.com\/index.php?rest_route=\/wp\/v2\/types\/page"}],"author":[{"embeddable":true,"href":"https:\/\/sajamvjencanjaosijek.com\/index.php?rest_route=\/wp\/v2\/users\/2"}],"replies":[{"embeddable":true,"href":"https:\/\/sajamvjencanjaosijek.com\/index.php?rest_route=%2Fwp%2Fv2%2Fcomments&post=1653"}],"version-history":[{"count":67,"href":"https:\/\/sajamvjencanjaosijek.com\/index.php?rest_route=\/wp\/v2\/pages\/1653\/revisions"}],"predecessor-version":[{"id":1742,"href":"https:\/\/sajamvjencanjaosijek.com\/index.php?rest_route=\/wp\/v2\/pages\/1653\/revisions\/1742"}],"wp:attachment":[{"href":"https:\/\/sajamvjencanjaosijek.com\/index.php?rest_route=%2Fwp%2Fv2%2Fmedia&parent=1653"}],"curies":[{"name":"wp","href":"https:\/\/api.w.org\/{rel}","templated":true}]}}